{"id":998,"date":"2021-11-03T10:41:52","date_gmt":"2021-11-03T09:41:52","guid":{"rendered":"http:\/\/www.manital.it\/?page_id=998"},"modified":"2021-11-03T12:20:40","modified_gmt":"2021-11-03T11:20:40","slug":"vivaicanavesani","status":"publish","type":"page","link":"http:\/\/www.manital.it\/index.php\/le-societa-del-gruppo\/vivaicanavesani\/","title":{"rendered":"Vivai S.r.l."},"content":{"rendered":"<div class=\"wpb-content-wrapper\"><p>[vc_row el_id=&#8221;history&#8221;][vc_column width=&#8221;1\/4&#8243;][vc_single_image image=&#8221;1002&#8243; img_size=&#8221;full&#8221; alignment=&#8221;center&#8221; label=&#8221;&#8221;][\/vc_column][vc_column width=&#8221;3\/4&#8243;][vc_custom_heading text=&#8221;VIVAI CANAVESANI SRL&#8221; google_fonts=&#8221;font_family:Open%20Sans%3A300%2C300italic%2Cregular%2Citalic%2C600%2C600italic%2C700%2C700italic%2C800%2C800italic|font_style:600%20bold%20regular%3A600%3Anormal&#8221; show_border=&#8221;yes&#8221; border_skin=&#8221;primary&#8221; border_size=&#8221;xs&#8221;][vc_column_text]<strong>VIVAI CANAVESANI S.r.l. &#8211; Soc. Agricola<\/strong> \u00e8 una societ\u00e0 storicamente legata alla storia Olivettiana di Ivrea in quanto gestore dei vivai progettati per Olivetti dal grande maestro del verde Pietro Porcinai negli anni \u201950, nei quali venivano coltivate le essenze arboree poi espiantate e ricollocate negli stabilimenti, nelle residenze e negli edifici di servizio della Olivetti in tutta Italia.<\/p>\n<p>La societ\u00e0 entra a fare parte, negli anni \u201990, del Consorzio Manital ed \u00e8 proprietaria di un terreno di circa due ettari nel quale \u00e8 stato parzialmente realizzato un biolago artificiale balneabile che doveva far parte di un pi\u00f9 ampio parco agro-alimentare facente parte del Castello di Parella, di propriet\u00e0 di Manitalidea S.p.A.<\/p>\n<p>Sempre su terreni di Vivai canavesani Srl \u00e8 stata realizzata, a titolo di oneri di urbanizzazione, la nuova viabilit\u00e0 per l\u2019accesso al castello e al parco agroalimentare, con la realizzazione di due rotonde stradali dotate di impianto di illuminazione e segnaletica: opere che sono in corso di cessione al Comune di Colleretto Giacosa e alla Citt\u00e0 Metropolitana di Torino.[\/vc_column_text][\/vc_column][\/vc_row]<\/p>\n<\/div>","protected":false},"excerpt":{"rendered":"<p>[vc_row el_id=&#8221;history&#8221;][vc_column width=&#8221;1\/4&#8243;][vc_single_image image=&#8221;1002&#8243; img_size=&#8221;full&#8221; alignment=&#8221;center&#8221; label=&#8221;&#8221;][\/vc_column][vc_column width=&#8221;3\/4&#8243;][vc_custom_heading text=&#8221;VIVAI CANAVESANI SRL&#8221; google_fonts=&#8221;font_family:Open%20Sans%3A300%2C300italic%2Cregular%2Citalic%2C600%2C600italic%2C700%2C700italic%2C800%2C800italic|font_style:600%20bold%20regular%3A600%3Anormal&#8221; show_border=&#8221;yes&#8221; border_skin=&#8221;primary&#8221; border_size=&#8221;xs&#8221;][vc_column_text]VIVAI CANAVESANI S.r.l. &#8211; Soc. Agricola \u00e8 una societ\u00e0 storicamente legata alla storia Olivettiana di Ivrea in quanto gestore dei vivai progettati per Olivetti dal grande maestro del verde Pietro Porcinai negli anni \u201950, nei quali venivano coltivate le essenze arboree [&hellip;]<\/p>\n","protected":false},"author":1,"featured_media":0,"parent":392,"menu_order":0,"comment_status":"closed","ping_status":"closed","template":"","meta":{"footnotes":""},"class_list":["post-998","page","type-page","status-publish","hentry"],"_links":{"self":[{"href":"http:\/\/www.manital.it\/index.php\/wp-json\/wp\/v2\/pages\/998","targetHints":{"allow":["GET"]}}],"collection":[{"href":"http:\/\/www.manital.it\/index.php\/wp-json\/wp\/v2\/pages"}],"about":[{"href":"http:\/\/www.manital.it\/index.php\/wp-json\/wp\/v2\/types\/page"}],"author":[{"embeddable":true,"href":"http:\/\/www.manital.it\/index.php\/wp-json\/wp\/v2\/users\/1"}],"replies":[{"embeddable":true,"href":"http:\/\/www.manital.it\/index.php\/wp-json\/wp\/v2\/comments?post=998"}],"version-history":[{"count":2,"href":"http:\/\/www.manital.it\/index.php\/wp-json\/wp\/v2\/pages\/998\/revisions"}],"predecessor-version":[{"id":1004,"href":"http:\/\/www.manital.it\/index.php\/wp-json\/wp\/v2\/pages\/998\/revisions\/1004"}],"up":[{"embeddable":true,"href":"http:\/\/www.manital.it\/index.php\/wp-json\/wp\/v2\/pages\/392"}],"wp:attachment":[{"href":"http:\/\/www.manital.it\/index.php\/wp-json\/wp\/v2\/media?parent=998"}],"curies":[{"name":"wp","href":"https:\/\/api.w.org\/{rel}","templated":true}]}}