{"id":619,"date":"2021-01-18T18:48:25","date_gmt":"2021-01-18T17:48:25","guid":{"rendered":"http:\/\/test.manital.it\/?page_id=619"},"modified":"2021-01-19T07:41:30","modified_gmt":"2021-01-19T06:41:30","slug":"consulenza-ingegneristica","status":"publish","type":"page","link":"http:\/\/www.manital.it\/index.php\/servizi\/consulenza-ingegneristica\/","title":{"rendered":"Consulenza Ingegneristica"},"content":{"rendered":"<div class=\"wpb-content-wrapper\"><p>[vc_row][vc_column][vc_custom_heading text=&#8221;Consulenza Ingegneristica&#8221; google_fonts=&#8221;font_family:Open%20Sans%3A300%2C300italic%2Cregular%2Citalic%2C600%2C600italic%2C700%2C700italic%2C800%2C800italic|font_style:600%20bold%20regular%3A600%3Anormal&#8221; show_border=&#8221;yes&#8221; border_size=&#8221;xs&#8221; border_color=&#8221;#000000&#8243;][vc_column_text]<img loading=\"lazy\" decoding=\"async\" class=\"alignleft size-medium wp-image-625\" src=\"http:\/\/test.manital.it\/wp-content\/uploads\/2021\/01\/consul_ing-300x300.png\" alt=\"\" width=\"200\" height=\"200\" \/><\/p>\n<h4><strong>Ingegneria dei servizi e progettazione gestionale<\/strong><\/h4>\n<p>L\u2019ingegneria del servizio significa approccio proattivo al patrimonio del Cliente.<\/p>\n<p>Sulla base degli accordi definiti a capitolato elabora, per tutta la durata del contratto, le strategie di intervento e ottimizzazione dei piani di manutenzione, da integrare con le proposte di investimento a carico degli asset.[\/vc_column_text][\/vc_column][\/vc_row][vc_row][vc_column width=&#8221;1\/2&#8243;][vc_empty_space][vc_row_inner][vc_column_inner][vc_single_image image=&#8221;633&#8243; img_size=&#8221;full&#8221;][vc_column_text]Valutazione delle condizioni dell\u2019immobile del Cliente in termini di stato di uso e conservazione del suo asset impiantistico e proposte di progettazione di interventi di riqualificazione in grado di apportare\u00a0<strong>migliorie funzionali, tecniche e certamente di\u00a0<em>saving energetico.<\/em><\/strong>[\/vc_column_text][\/vc_column_inner][\/vc_row_inner][\/vc_column][vc_column width=&#8221;1\/2&#8243;][vc_empty_space][vc_row_inner][vc_column_inner][vc_single_image image=&#8221;635&#8243; img_size=&#8221;full&#8221;][\/vc_column_inner][\/vc_row_inner][vc_column_text]L\u2019<strong>ingegneria del servizio<\/strong> si occupa della parte proattiva; sulla base degli accordi definiti con il Cliente elabora, per tutta la durata del contratto, le <strong>strategie di intervento e i piani di manutenzione<\/strong>, da integrare con le richieste legate agli eventi imprevisti e contingenti.[\/vc_column_text][\/vc_column][\/vc_row][vc_row][vc_column width=&#8221;1\/2&#8243;][vc_row_inner][vc_column_inner][vc_single_image image=&#8221;630&#8243; img_size=&#8221;full&#8221;][vc_column_text]Servizio di<strong> censimento e mappatura dell\u2019asset architettonico impiantistico<\/strong>, cui collegare successivamente la storia manutentiva dei relativi componenti, i rispettivi tassi di compromissione e di conseguenza i costi manutentivi da essi generati.[\/vc_column_text][\/vc_column_inner][\/vc_row_inner][\/vc_column][vc_column width=&#8221;1\/2&#8243;][vc_row_inner][vc_column_inner][vc_single_image image=&#8221;639&#8243; img_size=&#8221;full&#8221;][vc_column_text]In seguito ad una approfondita analisi dei livelli occupazionali e delle distribuzioni all\u2019interno degli immobili, vengono coniugate le necessit\u00e0 del Cliente, e proposte soluzioni per ottimizzare la gestione degli spazi. Da queste attivit\u00e0 si beneficia sia in termini economici che di fruibilit\u00e0 del building.[\/vc_column_text][\/vc_column_inner][\/vc_row_inner][\/vc_column][\/vc_row][vc_row][vc_column width=&#8221;1\/2&#8243;][vc_row_inner][vc_column_inner][vc_single_image image=&#8221;638&#8243; img_size=&#8221;full&#8221;][vc_column_text]Verificare lo stato degli impianti, il loro corretto funzionamento, lo stato e la funzionalit\u00e0 di ogni loro componente \u00e8 di fondamentale importanza per Clienti pubblici e privati in quanto garantisce tra l\u2019altro la loro sicurezza. Manital fornisce personale qualificato per check up di impianti e analisi della rispondenza alle normative in vigore.[\/vc_column_text][\/vc_column_inner][\/vc_row_inner][\/vc_column][vc_column width=&#8221;1\/2&#8243;][vc_row_inner][vc_column_inner][vc_single_image image=&#8221;637&#8243; img_size=&#8221;full&#8221;][vc_column_text]Manital \u00e8 in grado di affrontare progetti e iniziative anche in logica di <strong>project financing<\/strong>, ovvero adottando un approccio alla realizzazione, gestione e finanziamento di progetti complessi caratterizzati da elevati fabbisogni finanziari iniziali e dalla possibilit\u00e0\u00a0 di ripartire i rischi sui diversi soggetti partecipanti[\/vc_column_text][\/vc_column_inner][\/vc_row_inner][\/vc_column][\/vc_row][vc_row][vc_column width=&#8221;1\/2&#8243;][vc_row_inner][vc_column_inner][vc_single_image image=&#8221;640&#8243; img_size=&#8221;full&#8221;][vc_column_text]La funzione Ingegneria \u00e8 in grado di valutare l\u2019asset immobiliare e proporre progetti tesi non soltanto all\u2019adeguamento normativo o alla riqualificazione tecnologica, ma <strong>alla valorizzazione dell\u2019asset immobiliare nel tempo<\/strong>.[\/vc_column_text][\/vc_column_inner][\/vc_row_inner][\/vc_column][vc_column width=&#8221;1\/2&#8243;][vc_row_inner][vc_column_inner][\/vc_column_inner][\/vc_row_inner][\/vc_column][\/vc_row]<\/p>\n<\/div>","protected":false},"excerpt":{"rendered":"<p>[vc_row][vc_column][vc_custom_heading text=&#8221;Consulenza Ingegneristica&#8221; google_fonts=&#8221;font_family:Open%20Sans%3A300%2C300italic%2Cregular%2Citalic%2C600%2C600italic%2C700%2C700italic%2C800%2C800italic|font_style:600%20bold%20regular%3A600%3Anormal&#8221; show_border=&#8221;yes&#8221; border_size=&#8221;xs&#8221; border_color=&#8221;#000000&#8243;][vc_column_text] Ingegneria dei servizi e progettazione gestionale L\u2019ingegneria del servizio significa approccio proattivo al patrimonio del Cliente. Sulla base degli accordi definiti a capitolato elabora, per tutta la durata del contratto, le strategie di intervento e ottimizzazione dei piani di manutenzione, da integrare con le proposte di investimento a [&hellip;]<\/p>\n","protected":false},"author":2,"featured_media":0,"parent":36,"menu_order":0,"comment_status":"closed","ping_status":"closed","template":"","meta":{"footnotes":""},"class_list":["post-619","page","type-page","status-publish","hentry"],"_links":{"self":[{"href":"http:\/\/www.manital.it\/index.php\/wp-json\/wp\/v2\/pages\/619","targetHints":{"allow":["GET"]}}],"collection":[{"href":"http:\/\/www.manital.it\/index.php\/wp-json\/wp\/v2\/pages"}],"about":[{"href":"http:\/\/www.manital.it\/index.php\/wp-json\/wp\/v2\/types\/page"}],"author":[{"embeddable":true,"href":"http:\/\/www.manital.it\/index.php\/wp-json\/wp\/v2\/users\/2"}],"replies":[{"embeddable":true,"href":"http:\/\/www.manital.it\/index.php\/wp-json\/wp\/v2\/comments?post=619"}],"version-history":[{"count":8,"href":"http:\/\/www.manital.it\/index.php\/wp-json\/wp\/v2\/pages\/619\/revisions"}],"predecessor-version":[{"id":655,"href":"http:\/\/www.manital.it\/index.php\/wp-json\/wp\/v2\/pages\/619\/revisions\/655"}],"up":[{"embeddable":true,"href":"http:\/\/www.manital.it\/index.php\/wp-json\/wp\/v2\/pages\/36"}],"wp:attachment":[{"href":"http:\/\/www.manital.it\/index.php\/wp-json\/wp\/v2\/media?parent=619"}],"curies":[{"name":"wp","href":"https:\/\/api.w.org\/{rel}","templated":true}]}}