{"id":454,"date":"2020-12-30T18:32:41","date_gmt":"2020-12-30T17:32:41","guid":{"rendered":"http:\/\/test.manital.it\/?page_id=454"},"modified":"2021-02-22T17:11:29","modified_gmt":"2021-02-22T16:11:29","slug":"compliance","status":"publish","type":"page","link":"http:\/\/www.manital.it\/index.php\/compliance\/","title":{"rendered":"Compliance"},"content":{"rendered":"<div class=\"wpb-content-wrapper\"><p>[vc_row animation_type=&#8221;fadeInUp&#8221;][vc_column][vc_custom_heading text=&#8221;Sistema di gestione integrato&#8221; google_fonts=&#8221;font_family:Open%20Sans%3A300%2C300italic%2Cregular%2Citalic%2C600%2C600italic%2C700%2C700italic%2C800%2C800italic|font_style:600%20bold%20regular%3A600%3Anormal&#8221;][vc_row_inner][vc_column_inner width=&#8221;1\/4&#8243; css=&#8221;.vc_custom_1610980463684{background-color: #eeeeee !important;}&#8221;][vc_empty_space height=&#8221;20px&#8221;][vc_column_text]<\/p>\n<p style=\"text-align: right;\"><strong>Business sostenibile;<\/strong><br \/>\n<strong>logiche qualitative;<\/strong><br \/>\n<strong>approccio etico;<\/strong><\/p>\n<p>[\/vc_column_text][\/vc_column_inner][vc_column_inner width=&#8221;3\/4&#8243;][vc_empty_space height=&#8221;20px&#8221;][vc_column_text]L\u2019attenzione allo sviluppo di un business sostenibile, puntato alla forte integrazione di logiche qualitative, di attenzione verso l\u2019ambiente, di approccio etico alla gestione del lavoro hanno assicurato a Manitalidea continui riconoscimenti positivi per il proprio orientamento sostenibile al tema del lavoro.[\/vc_column_text][\/vc_column_inner][\/vc_row_inner][vc_column_text]Dalla pianificazione strategica prende corpo la sostenibilit\u00e0 del business e il Sistema di Governance; quest\u2019ultimo \u00e8 mirato a favorire l\u2019integrazione di queste logiche, avendo come obiettivo fondamentale la migliore coincidenza possibile tra le esigenze degli Stake Holders (Clienti, fornitori, territorio, legislatore) e le prestazioni erogate.<\/p>\n<p>Il miglioramento continuo \u00e8 l\u2019obiettivo condiviso, perch\u00e9 ogni dipendente di Manitalidea sa di essere il vero biglietto da visita dell\u2019azienda, qualsiasi ruolo ricopra nell\u2019organizzazione.<\/p>\n<p>In questo quadro si sono instaurate negli anni le certificazioni, atto di riconoscimento di conformit\u00e0 del sistema integrato, considerate, tuttavia, un punto intermedio del miglioramento continuo al quale l\u2019intera azienda mira, da ciascun lavoratore sino al vertice aziendale, affinch\u00e9 lo sforzo innovativo porti sempre i risultati oltre l\u2019ottenimento della conformit\u00e0.<br \/>\nIntegrazione e sostenibilit\u00e0 sono alla base del sistema di gestione integrato ISO 9001 \/ ISO 14001 \/ ISO 45001 \/ SA8000.[\/vc_column_text][vc_row_inner][vc_column_inner width=&#8221;1\/4&#8243;][\/vc_column_inner][vc_column_inner width=&#8221;1\/2&#8243;][vc_single_image image=&#8221;508&#8243; img_size=&#8221;full&#8221;][vc_column_text]<\/p>\n<p style=\"text-align: center;\">ISO 9001:2015 | ISO 14001:2015 | ISO 45001:2018 | SA8000:2014<\/p>\n<p>[\/vc_column_text][\/vc_column_inner][vc_column_inner width=&#8221;1\/4&#8243;][\/vc_column_inner][\/vc_row_inner][vc_separator][\/vc_column][\/vc_row][vc_row animation_type=&#8221;fadeInUp&#8221;][vc_column][vc_custom_heading text=&#8221;Modello di business&#8221; google_fonts=&#8221;font_family:Open%20Sans%3A300%2C300italic%2Cregular%2Citalic%2C600%2C600italic%2C700%2C700italic%2C800%2C800italic|font_style:600%20bold%20regular%3A600%3Anormal&#8221;][vc_column_text]<\/p>\n<h4>I vantaggi competitivi del modello integrato del Gruppo Manital<\/h4>\n<p>[\/vc_column_text][vc_column_text]Il Gruppo Manital si distingue dai competitor del settore per una filosofia orientata ad un modello integrato di gestione delle attivit\u00e0, presidiando al proprio interno gli aspetti di programmazione e progettazione delle stesse con il coordinamento e il controllo dei diversi consorziati impegnati nell\u2019erogazione dei servizi.<\/p>\n<p>Questo modello presenta evidenti vantaggi per il Cliente:[\/vc_column_text][vc_row_inner][vc_column_inner width=&#8221;1\/4&#8243;][\/vc_column_inner][vc_column_inner width=&#8221;1\/4&#8243; css=&#8221;.vc_custom_1610981128279{background-color: #eeeeee !important;}&#8221;][vc_empty_space height=&#8221;20px&#8221;][vc_column_text]<\/p>\n<p style=\"text-align: right;\"><strong>Progettazione integrata ed unico interlocutore<\/strong><\/p>\n<p>[\/vc_column_text][\/vc_column_inner][vc_column_inner width=&#8221;1\/4&#8243;][vc_empty_space height=&#8221;20px&#8221;][vc_column_text]il Cliente dialoga con un solo partner interlocutore, responsabile per la fase sia progettuale sia tecnico-operativa.[\/vc_column_text][\/vc_column_inner][vc_column_inner width=&#8221;1\/4&#8243;][\/vc_column_inner][\/vc_row_inner][vc_empty_space height=&#8221;20px&#8221;][vc_row_inner][vc_column_inner width=&#8221;1\/4&#8243;][\/vc_column_inner][vc_column_inner width=&#8221;1\/4&#8243; css=&#8221;.vc_custom_1610981128279{background-color: #eeeeee !important;}&#8221;][vc_empty_space height=&#8221;20px&#8221;][vc_column_text]<\/p>\n<p style=\"text-align: right;\"><strong>Forte riduzione dell\u2019affidamento in subappalto<\/strong><\/p>\n<p>[\/vc_column_text][\/vc_column_inner][vc_column_inner width=&#8221;1\/4&#8243;][vc_empty_space height=&#8221;20px&#8221;][vc_column_text]e in generale del ricorso a fornitori non monitorati.[\/vc_column_text][\/vc_column_inner][vc_column_inner width=&#8221;1\/4&#8243;][\/vc_column_inner][\/vc_row_inner][vc_empty_space height=&#8221;20px&#8221;][vc_row_inner][vc_column_inner width=&#8221;1\/4&#8243;][\/vc_column_inner][vc_column_inner width=&#8221;1\/4&#8243; css=&#8221;.vc_custom_1610981128279{background-color: #eeeeee !important;}&#8221;][vc_empty_space height=&#8221;20px&#8221;][vc_column_text]<\/p>\n<p style=\"text-align: right;\"><strong>Riduzione del ricorso ad alleanze temporanee<\/strong><\/p>\n<p>[\/vc_column_text][\/vc_column_inner][vc_column_inner width=&#8221;1\/4&#8243;][vc_empty_space height=&#8221;20px&#8221;][vc_column_text]eliminando il rischio di duplicazione e scarsa omogeneit\u00e0 di processi e sistemi di governo.[\/vc_column_text][\/vc_column_inner][vc_column_inner width=&#8221;1\/4&#8243;][\/vc_column_inner][\/vc_row_inner][vc_empty_space height=&#8221;20px&#8221;][vc_row_inner][vc_column_inner width=&#8221;1\/4&#8243;][\/vc_column_inner][vc_column_inner width=&#8221;1\/4&#8243; css=&#8221;.vc_custom_1610981128279{background-color: #eeeeee !important;}&#8221;][vc_empty_space height=&#8221;20px&#8221;][vc_column_text]<\/p>\n<p style=\"text-align: right;\"><strong>Possesso del know how specifico dei singoli Servizi<\/strong><\/p>\n<p>[\/vc_column_text][\/vc_column_inner][vc_column_inner width=&#8221;1\/4&#8243;][vc_empty_space height=&#8221;20px&#8221;][vc_column_text]e contestuale controllo diretto sulla qualit\u00e0\u00a0 dell\u2019erogazione, tramite risorse dirette.[\/vc_column_text][\/vc_column_inner][vc_column_inner width=&#8221;1\/4&#8243;][\/vc_column_inner][\/vc_row_inner][vc_empty_space height=&#8221;20px&#8221;][vc_row_inner][vc_column_inner width=&#8221;1\/4&#8243;][\/vc_column_inner][vc_column_inner width=&#8221;1\/4&#8243; css=&#8221;.vc_custom_1610981128279{background-color: #eeeeee !important;}&#8221;][vc_empty_space height=&#8221;20px&#8221;][vc_column_text]<\/p>\n<p style=\"text-align: right;\"><strong>Forte presenza territoriale di societ\u00e0\u00a0 consorziate<\/strong><\/p>\n<p>[\/vc_column_text][\/vc_column_inner][vc_column_inner width=&#8221;1\/4&#8243;][vc_empty_space height=&#8221;20px&#8221;][vc_column_text]numerosi Uffici Operativi e Cantieri; affidabilit\u00e0\u00a0 operativa sia per la distribuzione capillare di risorse umane e tecnologiche, sia per la conoscenza delle realt\u00e0\u00a0 locali.[\/vc_column_text][\/vc_column_inner][vc_column_inner width=&#8221;1\/4&#8243;][\/vc_column_inner][\/vc_row_inner][vc_empty_space height=&#8221;20px&#8221;][vc_separator][\/vc_column][\/vc_row][vc_row animation_type=&#8221;fadeInUp&#8221;][vc_column][vc_column_text]<\/p>\n<h4>Sostenibilit\u00e0<\/h4>\n<p>[\/vc_column_text][vc_column_text]<\/p>\n<h4>Politica ambientale Manital<\/h4>\n<p>[\/vc_column_text][vc_row_inner][vc_column_inner width=&#8221;1\/4&#8243;][\/vc_column_inner][vc_column_inner width=&#8221;1\/4&#8243;][vc_empty_space height=&#8221;20px&#8221;][vc_column_text]<\/p>\n<p style=\"text-align: right;\">Monitoraggio di prodotti, macchine e attrezzature utilizzati, per valutarne l\u2019impatto sull\u2019ambiente in termini di:<\/p>\n<p>[\/vc_column_text][\/vc_column_inner][vc_column_inner width=&#8221;1\/4&#8243;][vc_empty_space height=&#8221;20px&#8221;][vc_single_image image=&#8221;522&#8243; img_size=&#8221;full&#8221; alignment=&#8221;center&#8221;][\/vc_column_inner][vc_column_inner width=&#8221;1\/4&#8243;][\/vc_column_inner][\/vc_row_inner][vc_column_text]La natura stessa dei servizi implica l\u2019utilizzo di quantit\u00e0 elevate di materiali, fattore che pu\u00f2 avere un notevole impatto in termini di sostituzione del materiale e smaltimento degli imballaggi. Per minimizzare questo punto cruciale, ManitalIdea favorisce l\u2019utilizzo di attrezzature riutilizzabili, come panni in microfibra, dischi SPP per la deceratura e tecnologie ad ozono per la pulizia dei pavimenti.[\/vc_column_text][vc_empty_space height=&#8221;20px&#8221;][vc_separator][\/vc_column][\/vc_row][vc_row animation_type=&#8221;fadeInUp&#8221;][vc_column][vc_custom_heading text=&#8221;Monitoraggio dell\u2019azienda&#8221; google_fonts=&#8221;font_family:Open%20Sans%3A300%2C300italic%2Cregular%2Citalic%2C600%2C600italic%2C700%2C700italic%2C800%2C800italic|font_style:600%20bold%20regular%3A600%3Anormal&#8221;][vc_column_text]<a href=\"https:\/\/www.ciseonweb.it\/impresa-etica\/monitoraggio-partecipativo\/\" target=\"_blank\" rel=\"noopener\"><img loading=\"lazy\" decoding=\"async\" class=\"size-full wp-image-525 alignright\" src=\"http:\/\/test.manital.it\/wp-content\/uploads\/2021\/01\/saw.gif\" alt=\"\" width=\"145\" height=\"178\" \/><\/a>Manital \u00e8 certificata secondo lo schema SA 8000 che \u00e8 il primo standard diffuso a livello internazionale circa la responsabilit\u00e0 sociale di un\u2019azienda. La scelta di rivolgerci a SA 8000 \u00e8 maturata allo scopo di:<\/p>\n<ul>\n<li>preservare la credibilit\u00e0 e la reputazione aziendale;<\/li>\n<li>generare maggiore fiducia da parte dei consumatori;<\/li>\n<li>migliorare i rapporti con le Istituzioni e il territorio;<\/li>\n<li>migliorare il clima aziendale:<\/li>\n<li>gestire tramite l\u2019approccio al miglioramento continuo la correttezza sociale nella catena dei fornitori.<\/li>\n<\/ul>\n<p>Proprio in relazione a tali principi, attraverso l\u2019Osservatorio sulla Responsabilit\u00e0 Sociale delle Organizzazioni (denominato S.A.W., Social Accountability Watch) messo a punto dall\u2019Organismo di certificazione CISE a cui aderiamo, Manital offre la possibilit\u00e0 ai propri stakeholder di partecipare alle attivit\u00e0 di monitoraggio dell\u2019azienda.[\/vc_column_text][vc_empty_space height=&#8221;20px&#8221;][vc_separator][\/vc_column][\/vc_row][vc_row animation_type=&#8221;fadeInUp&#8221;][vc_column][vc_custom_heading text=&#8221;231&#8243; google_fonts=&#8221;font_family:Open%20Sans%3A300%2C300italic%2Cregular%2Citalic%2C600%2C600italic%2C700%2C700italic%2C800%2C800italic|font_style:600%20bold%20regular%3A600%3Anormal&#8221;][vc_column_text]Manital ai sensi del Decreto Legislativo 8 giugno 2001, n. 231, recante la \u201cDisciplina della responsabilit\u00e0 amministrativa delle persone giuridiche, delle societ\u00e0 e delle associazioni anche prive di personalit\u00e0 giuridica a norma dell\u2019art. 11 della Legge 29 settembre 2000, n. 300\u201d e successive modificazioni e integrazioni, ha implementato il\u00a0Modello di organizzazione, gestione e controllo ed istituito l\u2019Organismo di Vigilanza\u00a0o OdV, preposto alla vigilanza sul funzionamento e sull\u2019osservanza del Modello, come previsti dall\u2019art. 6 del Decreto stesso.<\/p>\n<p>In tale ambito, Manital ha definito un Codice di Condotta a livello di Gruppo che \u00e8 stato adottato da tutte le societ\u00e0 appartenenti allo Stesso.<br \/>\nTale Codice \u00e8 lo strumento per definire l\u2019insieme dei valori di etica aziendale che le societ\u00e0 del Gruppo riconoscono, accettano e condividono, e l\u2019insieme di responsabilit\u00e0 che le stesse, nonch\u00e9 i rispettivi collaboratori, assumono nei rapporti interni ed esterni.<\/p>\n<p>Il rispetto di tale Codice, quale parte integrante del Modello di organizzazione, gestione e controllo della Societ\u00e0, consente, fra l\u2019altro, di prevenire il rischio di commissione dei reati di cui al D. Lgs. 231\/2001 nell\u2019ambito delle specifiche attivit\u00e0 svolte nel Gruppo.<\/p>\n<p>Documenti: <a href=\"http:\/\/test.manital.it\/wp-content\/uploads\/2021\/02\/Codice_di_condotta_Midea.pdf\" target=\"_blank\" rel=\"noopener\">Codice di condotta<\/a>[\/vc_column_text][\/vc_column][\/vc_row]<\/p>\n<\/div>","protected":false},"excerpt":{"rendered":"<p>[vc_row animation_type=&#8221;fadeInUp&#8221;][vc_column][vc_custom_heading text=&#8221;Sistema di gestione integrato&#8221; google_fonts=&#8221;font_family:Open%20Sans%3A300%2C300italic%2Cregular%2Citalic%2C600%2C600italic%2C700%2C700italic%2C800%2C800italic|font_style:600%20bold%20regular%3A600%3Anormal&#8221;][vc_row_inner][vc_column_inner width=&#8221;1\/4&#8243; css=&#8221;.vc_custom_1610980463684{background-color: #eeeeee !important;}&#8221;][vc_empty_space height=&#8221;20px&#8221;][vc_column_text] Business sostenibile; logiche qualitative; approccio etico; [\/vc_column_text][\/vc_column_inner][vc_column_inner width=&#8221;3\/4&#8243;][vc_empty_space height=&#8221;20px&#8221;][vc_column_text]L\u2019attenzione allo sviluppo di un business sostenibile, puntato alla forte integrazione di logiche qualitative, di attenzione verso l\u2019ambiente, di approccio etico alla gestione del lavoro hanno assicurato a Manitalidea continui riconoscimenti positivi per il proprio [&hellip;]<\/p>\n","protected":false},"author":2,"featured_media":0,"parent":0,"menu_order":0,"comment_status":"closed","ping_status":"closed","template":"","meta":{"footnotes":""},"class_list":["post-454","page","type-page","status-publish","hentry"],"_links":{"self":[{"href":"http:\/\/www.manital.it\/index.php\/wp-json\/wp\/v2\/pages\/454","targetHints":{"allow":["GET"]}}],"collection":[{"href":"http:\/\/www.manital.it\/index.php\/wp-json\/wp\/v2\/pages"}],"about":[{"href":"http:\/\/www.manital.it\/index.php\/wp-json\/wp\/v2\/types\/page"}],"author":[{"embeddable":true,"href":"http:\/\/www.manital.it\/index.php\/wp-json\/wp\/v2\/users\/2"}],"replies":[{"embeddable":true,"href":"http:\/\/www.manital.it\/index.php\/wp-json\/wp\/v2\/comments?post=454"}],"version-history":[{"count":27,"href":"http:\/\/www.manital.it\/index.php\/wp-json\/wp\/v2\/pages\/454\/revisions"}],"predecessor-version":[{"id":797,"href":"http:\/\/www.manital.it\/index.php\/wp-json\/wp\/v2\/pages\/454\/revisions\/797"}],"wp:attachment":[{"href":"http:\/\/www.manital.it\/index.php\/wp-json\/wp\/v2\/media?parent=454"}],"curies":[{"name":"wp","href":"https:\/\/api.w.org\/{rel}","templated":true}]}}