{"id":433,"date":"2020-12-30T18:15:46","date_gmt":"2020-12-30T17:15:46","guid":{"rendered":"http:\/\/test.manital.it\/?page_id=433"},"modified":"2022-04-04T11:13:28","modified_gmt":"2022-04-04T09:13:28","slug":"requisiti-soa","status":"publish","type":"page","link":"http:\/\/www.manital.it\/index.php\/compliance\/requisiti-soa\/","title":{"rendered":"Requisiti SOA"},"content":{"rendered":"<div class=\"wpb-content-wrapper\"><p>[vc_row el_id=&#8221;who-we-are&#8221; el_class=&#8221;m-t-n-md p-t-md&#8221;][vc_column][vc_custom_heading text=&#8221;Requisiti SOA&#8221; use_theme_fonts=&#8221;yes&#8221; el_class=&#8221;m-b-md&#8221;][vc_column_text el_class=&#8221;lead&#8221;]Attestazione di qualificazione alla esecuzione di lavori pubblici[\/vc_column_text][vc_column_text]L\u2019Attestazione SOA \u00e8 la\u00a0certificazione obbligatoria per la partecipazione a gare d\u2019appalto\u00a0per l\u2019esecuzione di appalti pubblici di lavori, ovvero\u00a0un documento necessario e sufficiente a comprovare, in sede di gara, la capacit\u00e0 dell\u2019impresa di eseguire, direttamente o in subappalto,\u00a0opere pubbliche di lavori con importo a base d\u2019asta superiore a \u20ac 150.000,00; essa attesta e garantisce il possesso da parte dell\u2019impresa del settore delle costruzioni di <a href=\"https:\/\/www.attestazionesoa.it\/index.php\/requisiti-soa\/\" target=\"_blank\" rel=\"noopener\">tutti i requisiti<\/a>\u00a0previsti dalla attuale normativa in ambito di Contratti Pubblici di lavori. L\u2019art. 76, comma 5, del DPR n. 207\/2010 stabilisce che l&#8217;efficacia dell&#8217;attestazione SOA \u00e8 pari a cinque anni con verifica triennale del mantenimento dei requisiti di ordine generale, nonch\u00e9 dei requisiti di capacit\u00e0 strutturale di cui all&#8217;articolo 77, comma 5.<br \/>\nL\u2019Attestazione SOA\u00a0qualifica l\u2019azienda ad appaltare lavori per <a href=\"https:\/\/www.attestazionesoa.it\/index.php\/categorie-soa\/\" target=\"_blank\" rel=\"noopener\">categorie di opere<\/a> e per classifiche di importi.[\/vc_column_text][vc_row_inner][vc_column_inner width=&#8221;2\/3&#8243;][vc_column_text]Le <a href=\"https:\/\/www.attestazionesoa.it\/index.php\/categorie-soa\/\" target=\"_blank\" rel=\"noopener\">categorie di opere<\/a>, corredate dalle relative classifiche di importo commisurate alla capacit\u00e0 tecnica ed economica della Societ\u00e0 Manitalidea S.p.A. in A.S. , sono:<\/p>\n<p><u><b>CATEGORIE DI OPERE GENERALI<\/b><\/u><\/p>\n<p>OG 1 Edifici civili e industriali classe IV bis<\/p>\n<p>OG 11 Impianti tecnologici classe II<\/p>\n<p><u><b>CATEGORIE DI OPERE SPECIALIZZATE<\/b><\/u><\/p>\n<p>OS 3 Impianti idrico-sanitario, cucine, lavanderie classe II<br \/>\nOS 4 Impianti elettromeccanici trasportatori classe II<\/p>\n<p>OS 28 Impianti termici e di condizionamento classe V<br \/>\nOS 30 Impianti interni elettrici, telefonici, radiotelefonici e televisivi classe V[\/vc_column_text][\/vc_column_inner][vc_column_inner width=&#8221;1\/3&#8243; css=&#8221;.vc_custom_1612375171980{background-color: rgba(0,0,0,0.15) !important;*background-color: rgb(0,0,0) !important;}&#8221;][vc_single_image image=&#8221;747&#8243; img_size=&#8221;full&#8221; add_caption=&#8221;yes&#8221; alignment=&#8221;center&#8221; onclick=&#8221;link_image&#8221; title=&#8221;Certificato SOA &#8211; MANITALIDEA S.p.A. in A.S.&#8221;][vc_btn title=&#8221;download Attestazione SOA -IDEA&#8221; align=&#8221;center&#8221; link=&#8221;url:http%3A%2F%2Ftest.manital.it%2Fwp-content%2Fuploads%2F2021%2F02%2FSOA_Midea_scad.-02.11.2025.pdf|target:_blank&#8221;][\/vc_column_inner][\/vc_row_inner][vc_row_inner][vc_column_inner width=&#8221;2\/3&#8243;][vc_column_text]Della societ\u00e0 MANITAL S.C.p.A. in A.S. sono:<\/p>\n<p><u><b>CATEGORIE DI OPERE GENERALI<\/b><\/u><\/p>\n<p>OG 1 Edifici civili e industriali<br \/>\nOG 3 Strade, autostrade, ponti, viadotti, ferrovie, metropolitane<br \/>\nOG 9 Impianti per la produzione di energia elettrica<br \/>\nOG 10 Impianti per la trasformazione alta\/media tensione e per la distribuzione di energia elettrica in corrente alternata e continua ed impianti di pubblica illuminazione<br \/>\nOG 11 Impianti tecnologici<\/p>\n<p><u><b>CATEGORIE DI OPERE SPECIALIZZATE<\/b><\/u><\/p>\n<p>OS 3 Impianti idrico-sanitario, cucine, lavanderie<br \/>\nOS 5 Impianti pneumatici e antintrusione<\/p>\n<p>OS 19 Impianti di reti di telecomunicazione e di trasmissioni e trattamento<br \/>\nOS 24 Verde e arredo urbano<br \/>\nOS 28 Impianti termici e di condizionamento<br \/>\nOS 30 Impianti interni elettrici, telefonici, radiotelefonici e televisivi[\/vc_column_text][\/vc_column_inner][vc_column_inner width=&#8221;1\/3&#8243; css=&#8221;.vc_custom_1612375171980{background-color: rgba(0,0,0,0.15) !important;*background-color: rgb(0,0,0) !important;}&#8221;][vc_single_image image=&#8221;1167&#8243; img_size=&#8221;full&#8221; add_caption=&#8221;yes&#8221; alignment=&#8221;center&#8221; onclick=&#8221;link_image&#8221; title=&#8221;Certificato SOA &#8211; MANITAL S.C.p.A. in A.S.&#8221;][vc_btn title=&#8221;download Attestazione SOA -Manital S.C.p.A.&#8221; align=&#8221;center&#8221; link=&#8221;url:http%3A%2F%2Fwww.manital.it%2Fwp-content%2Fuploads%2F2022%2F04%2FSOA-MC_06.07.2022.pdf|target:_blank&#8221;][\/vc_column_inner][\/vc_row_inner][\/vc_column][\/vc_row]<\/p>\n<\/div>","protected":false},"excerpt":{"rendered":"<p>[vc_row el_id=&#8221;who-we-are&#8221; el_class=&#8221;m-t-n-md p-t-md&#8221;][vc_column][vc_custom_heading text=&#8221;Requisiti SOA&#8221; use_theme_fonts=&#8221;yes&#8221; el_class=&#8221;m-b-md&#8221;][vc_column_text el_class=&#8221;lead&#8221;]Attestazione di qualificazione alla esecuzione di lavori pubblici[\/vc_column_text][vc_column_text]L\u2019Attestazione SOA \u00e8 la\u00a0certificazione obbligatoria per la partecipazione a gare d\u2019appalto\u00a0per l\u2019esecuzione di appalti pubblici di lavori, ovvero\u00a0un documento necessario e sufficiente a comprovare, in sede di gara, la capacit\u00e0 dell\u2019impresa di eseguire, direttamente o in subappalto,\u00a0opere pubbliche di lavori [&hellip;]<\/p>\n","protected":false},"author":2,"featured_media":0,"parent":454,"menu_order":0,"comment_status":"closed","ping_status":"closed","template":"","meta":{"footnotes":""},"class_list":["post-433","page","type-page","status-publish","hentry"],"_links":{"self":[{"href":"http:\/\/www.manital.it\/index.php\/wp-json\/wp\/v2\/pages\/433","targetHints":{"allow":["GET"]}}],"collection":[{"href":"http:\/\/www.manital.it\/index.php\/wp-json\/wp\/v2\/pages"}],"about":[{"href":"http:\/\/www.manital.it\/index.php\/wp-json\/wp\/v2\/types\/page"}],"author":[{"embeddable":true,"href":"http:\/\/www.manital.it\/index.php\/wp-json\/wp\/v2\/users\/2"}],"replies":[{"embeddable":true,"href":"http:\/\/www.manital.it\/index.php\/wp-json\/wp\/v2\/comments?post=433"}],"version-history":[{"count":18,"href":"http:\/\/www.manital.it\/index.php\/wp-json\/wp\/v2\/pages\/433\/revisions"}],"predecessor-version":[{"id":1169,"href":"http:\/\/www.manital.it\/index.php\/wp-json\/wp\/v2\/pages\/433\/revisions\/1169"}],"up":[{"embeddable":true,"href":"http:\/\/www.manital.it\/index.php\/wp-json\/wp\/v2\/pages\/454"}],"wp:attachment":[{"href":"http:\/\/www.manital.it\/index.php\/wp-json\/wp\/v2\/media?parent=433"}],"curies":[{"name":"wp","href":"https:\/\/api.w.org\/{rel}","templated":true}]}}