{"id":403,"date":"2020-12-30T17:47:38","date_gmt":"2020-12-30T16:47:38","guid":{"rendered":"http:\/\/test.manital.it\/?page_id=403"},"modified":"2021-03-21T21:26:32","modified_gmt":"2021-03-21T20:26:32","slug":"hard-facility","status":"publish","type":"page","link":"http:\/\/www.manital.it\/index.php\/servizi\/hard-facility\/","title":{"rendered":"Hard Facility"},"content":{"rendered":"<div class=\"wpb-content-wrapper\"><p>[vc_row][vc_column][vc_custom_heading text=&#8221;Hard Facility&#8221; google_fonts=&#8221;font_family:Open%20Sans%3A300%2C300italic%2Cregular%2Citalic%2C600%2C600italic%2C700%2C700italic%2C800%2C800italic|font_style:600%20bold%20regular%3A600%3Anormal&#8221; show_border=&#8221;yes&#8221; border_size=&#8221;xs&#8221; border_color=&#8221;#000000&#8243;][vc_column_text]<\/p>\n<h4><strong><img loading=\"lazy\" decoding=\"async\" class=\"alignleft size-medium wp-image-576\" src=\"http:\/\/test.manital.it\/wp-content\/uploads\/2021\/01\/hard_facility-300x300.png\" alt=\"\" width=\"200\" height=\"200\" \/>Manital \u00e8 nata per fare Facility Management.<\/strong><\/h4>\n<p>E\u2019 per questo che da sempre investe e lavora al proprio interno per superare la tradizionale definizione di hard facility quale \u201cmanutenzione della struttura e dei suoi allestimenti\u201d, ponendosi l\u2019obiettivo di\u00a0fornire benessere e qualit\u00e0\u00a0 di vita, elementi che sono in gran parte determinati dagli ambienti in cui si vive, soprattutto in ambito lavorativo data l\u2019importante quota di tempo che viene trascorsa dalle persone in questi ambienti.<br \/>\nPer questo il personale Manital \u00e8 formato secondo principi per i quali ogni singolo intervento, programmato o imprevisto, \u00e8 considerato parte di una rete pi\u00e0\u00b9 ampia di fattori che rendono possibile o minacciano a seconda dei casi l\u2019equilibrio e il benessere delle persone all\u2019interno delle strutture.[\/vc_column_text][vc_empty_space][\/vc_column][\/vc_row][vc_row][vc_column width=&#8221;1\/2&#8243;][vc_row_inner][vc_column_inner][vc_single_image image=&#8221;591&#8243; img_size=&#8221;full&#8221;][vc_column_text]Il vero obiettivo di un Facility Partner non \u00e8 il mantenimento delle strutture edilizie in buono stato, ma \u00e8 la valorizzazione del bene, funzionale in alcuni casi anche ad una migliore perizia all\u2019atto della sua messa sul mercato. Per questo vengono monitorate costantemente le condizioni del bene e si suggeriscono con cadenze precise interventi di miglioramento funzionale, estetico e\/o di ottimizzazione degli spazi.[\/vc_column_text][\/vc_column_inner][\/vc_row_inner][\/vc_column][vc_column width=&#8221;1\/2&#8243;][vc_row_inner][vc_column_inner][vc_single_image image=&#8221;590&#8243; img_size=&#8221;full&#8221;][vc_column_text]La gestione e manutenzione degli impianti di climatizzazione, \u00e8 tesa in Manital a minimizzare gli sprechi energetici, massimizzando la resa degli impianti. Cos\u00ec si abbattono al contempo i costi e l\u2019impatto sull\u2019ambiente. La funzione di Ingegneria interna all\u2019azienda, inoltre, pu\u00f2 studiare proposte per la riqualificazione degli impianti e l\u2019utilizzo di fonti rinnovabili.[\/vc_column_text][\/vc_column_inner][\/vc_row_inner][\/vc_column][\/vc_row][vc_row][vc_column width=&#8221;1\/2&#8243;][vc_row_inner][vc_column_inner][vc_single_image image=&#8221;596&#8243; img_size=&#8221;full&#8221;][vc_column_text]Progettazione, realizzazione, conduzione e manutenzione di impianti integrati in ambito privato e pubblico. Il personale, specializzato in impianti BT e impianti MT opera abitualmente su gruppi statici di continuit\u00e0 e gruppi elettrogeni.[\/vc_column_text][\/vc_column_inner][\/vc_row_inner][\/vc_column][vc_column width=&#8221;1\/2&#8243;][vc_row_inner][vc_column_inner][vc_single_image image=&#8221;597&#8243; img_size=&#8221;full&#8221;][vc_column_text]Punti di forza: presenza sul territorio, massima rapidit\u00e0 nel risolvere situazioni impreviste, sistema informativo centralizzato in grado di tracciare le informazioni tecniche relative agli impianti del Cliente per dotare il proprio personale tecnico con le attrezzature necessarie per qualsiasi operazione.[\/vc_column_text][\/vc_column_inner][\/vc_row_inner][\/vc_column][\/vc_row][vc_row][vc_column width=&#8221;1\/2&#8243;][vc_row_inner][vc_column_inner][vc_single_image image=&#8221;592&#8243; img_size=&#8221;full&#8221;][vc_column_text]Manital ha ormai instaurato da molti anni partnership con primarie societ\u00e0 del settore per gestire la <strong>conduzione e la manutenzione di impianti elevatori<\/strong> , con lo scopo di assicurare la piena efficienza e l\u2019adeguatezza degli impianti relativamente alle normative vigenti.[\/vc_column_text][\/vc_column_inner][\/vc_row_inner][\/vc_column][vc_column width=&#8221;1\/2&#8243;][vc_row_inner][vc_column_inner][vc_single_image image=&#8221;588&#8243; img_size=&#8221;full&#8221;][vc_column_text]Data la delicatezza di questo servizio, Manital da anni opera in logica di partnership con societ\u00e0 specializzate nella gestione di tali impianti, per garantire la sicurezza delle persone, degli immobili e degli impianti.[\/vc_column_text][\/vc_column_inner][\/vc_row_inner][\/vc_column][\/vc_row][vc_row][vc_column width=&#8221;1\/2&#8243;][vc_row_inner][vc_column_inner][vc_single_image image=&#8221;589&#8243; img_size=&#8221;full&#8221;][vc_column_text]La conduzione e manutenzione di impianti anti intrusione, \u00e8 customizzata in base alle esigenze del Cliente e strutturata in modo da garantire il massimo della sicurezza con i sistemi pi\u00f9 all\u2019avanguardia[\/vc_column_text][\/vc_column_inner][\/vc_row_inner][\/vc_column][vc_column width=&#8221;1\/2&#8243;][\/vc_column][\/vc_row]<\/p>\n<\/div>","protected":false},"excerpt":{"rendered":"<p>[vc_row][vc_column][vc_custom_heading text=&#8221;Hard Facility&#8221; google_fonts=&#8221;font_family:Open%20Sans%3A300%2C300italic%2Cregular%2Citalic%2C600%2C600italic%2C700%2C700italic%2C800%2C800italic|font_style:600%20bold%20regular%3A600%3Anormal&#8221; show_border=&#8221;yes&#8221; border_size=&#8221;xs&#8221; border_color=&#8221;#000000&#8243;][vc_column_text] Manital \u00e8 nata per fare Facility Management. E\u2019 per questo che da sempre investe e lavora al proprio interno per superare la tradizionale definizione di hard facility quale \u201cmanutenzione della struttura e dei suoi allestimenti\u201d, ponendosi l\u2019obiettivo di\u00a0fornire benessere e qualit\u00e0\u00a0 di vita, elementi che sono in gran [&hellip;]<\/p>\n","protected":false},"author":2,"featured_media":0,"parent":36,"menu_order":0,"comment_status":"closed","ping_status":"closed","template":"","meta":{"footnotes":""},"class_list":["post-403","page","type-page","status-publish","hentry"],"_links":{"self":[{"href":"http:\/\/www.manital.it\/index.php\/wp-json\/wp\/v2\/pages\/403","targetHints":{"allow":["GET"]}}],"collection":[{"href":"http:\/\/www.manital.it\/index.php\/wp-json\/wp\/v2\/pages"}],"about":[{"href":"http:\/\/www.manital.it\/index.php\/wp-json\/wp\/v2\/types\/page"}],"author":[{"embeddable":true,"href":"http:\/\/www.manital.it\/index.php\/wp-json\/wp\/v2\/users\/2"}],"replies":[{"embeddable":true,"href":"http:\/\/www.manital.it\/index.php\/wp-json\/wp\/v2\/comments?post=403"}],"version-history":[{"count":22,"href":"http:\/\/www.manital.it\/index.php\/wp-json\/wp\/v2\/pages\/403\/revisions"}],"predecessor-version":[{"id":826,"href":"http:\/\/www.manital.it\/index.php\/wp-json\/wp\/v2\/pages\/403\/revisions\/826"}],"up":[{"embeddable":true,"href":"http:\/\/www.manital.it\/index.php\/wp-json\/wp\/v2\/pages\/36"}],"wp:attachment":[{"href":"http:\/\/www.manital.it\/index.php\/wp-json\/wp\/v2\/media?parent=403"}],"curies":[{"name":"wp","href":"https:\/\/api.w.org\/{rel}","templated":true}]}}